{"id":63,"date":"2025-03-13T10:36:07","date_gmt":"2025-03-13T10:36:07","guid":{"rendered":"https:\/\/consulenza.rinoplasticaoggi.it\/?page_id=63"},"modified":"2025-03-17T14:34:24","modified_gmt":"2025-03-17T14:34:24","slug":"privacy-e-cookie-policy","status":"publish","type":"page","link":"https:\/\/consulenza.rinoplasticaoggi.it\/index.php\/privacy-e-cookie-policy\/","title":{"rendered":"Privacy e Cookie Policy"},"content":{"rendered":"\t\t<div data-elementor-type=\"wp-page\" data-elementor-id=\"63\" class=\"elementor elementor-63\">\n\t\t\t\t<div class=\"elementor-element elementor-element-0528c0d e-con-full e-flex e-con e-parent\" data-id=\"0528c0d\" data-element_type=\"container\">\n\t\t\t\t<div class=\"elementor-element elementor-element-94ed3c5 elementor-widget elementor-widget-image\" data-id=\"94ed3c5\" data-element_type=\"widget\" data-widget_type=\"image.default\">\n\t\t\t\t<div class=\"elementor-widget-container\">\n\t\t\t\t\t\t\t\t\t\t\t\t\t\t\t\t<a href=\"https:\/\/consulenza.rinoplasticaoggi.it\/\">\n\t\t\t\t\t\t\t<img decoding=\"async\" src=\"https:\/\/consulenza.rinoplasticaoggi.it\/wp-content\/uploads\/2025\/03\/logo.png\" title=\"logo\" alt=\"logo\" loading=\"lazy\" \/>\t\t\t\t\t\t\t\t<\/a>\n\t\t\t\t\t\t\t\t\t\t\t\t\t\t\t<\/div>\n\t\t\t\t<\/div>\n\t\t\t\t<div class=\"elementor-element elementor-element-f61adcf elementor-widget-divider--view-line elementor-widget elementor-widget-divider\" data-id=\"f61adcf\" data-element_type=\"widget\" data-widget_type=\"divider.default\">\n\t\t\t\t<div class=\"elementor-widget-container\">\n\t\t\t\t\t\t\t<div class=\"elementor-divider\">\n\t\t\t<span class=\"elementor-divider-separator\">\n\t\t\t\t\t\t<\/span>\n\t\t<\/div>\n\t\t\t\t\t\t<\/div>\n\t\t\t\t<\/div>\n\t\t\t\t<\/div>\n\t\t<div class=\"elementor-element elementor-element-a1983e8 e-flex e-con-boxed e-con e-parent\" data-id=\"a1983e8\" data-element_type=\"container\">\n\t\t\t\t\t<div class=\"e-con-inner\">\n\t\t\t\t<div class=\"elementor-element elementor-element-06e7e34 elementor-widget elementor-widget-heading\" data-id=\"06e7e34\" data-element_type=\"widget\" data-widget_type=\"heading.default\">\n\t\t\t\t<div class=\"elementor-widget-container\">\n\t\t\t\t\t<h1 class=\"elementor-heading-title elementor-size-default\">Privacy e Cookie Policy<\/h1>\t\t\t\t<\/div>\n\t\t\t\t<\/div>\n\t\t\t\t<div class=\"elementor-element elementor-element-906e124 elementor-widget elementor-widget-text-editor\" data-id=\"906e124\" data-element_type=\"widget\" data-widget_type=\"text-editor.default\">\n\t\t\t\t<div class=\"elementor-widget-container\">\n\t\t\t\t\t\t\t\t\t<p><strong>Titolare Del Trattamento<\/strong><br \/>Il Titolare del trattamento \u00e8 la societ\u00e0 Dr. Carlo Grassi (cod. fisc. \u2013 p.iva DA METTERE), con sede legale in Corso Matteotti, 20 &#8211; Montecatini Terme (Pistoia). L\u2019Informativa \u00e8 volta a fornirti le informazioni necessarie affinch\u00e9 tu possa esprimere un consenso esplicito ed informato ai trattamenti svolti attraverso il, o in occasione dell\u2019utilizzo del Sito. Il Titolare tutela la riservatezza dei dati personali acquisiti e garantisce ad essi la protezione necessaria da ogni evento che possa metterli a rischio di violazione. A tal fine, mette in pratica le prassi raccomandate aventi ad oggetto la raccolta e l\u2019utilizzo dei dati personali, che saranno trattati secondo i principi, internazionalmente riconosciuti, di liceit\u00e0, correttezza, trasparenza, limitazione delle finalit\u00e0 e della conservazione, minimizzazione dei dati, esattezza, integrit\u00e0 e riservatezza, nonch\u00e9 l\u2019esercizio dei diritti riconosciuti dalla normativa applicabile ai soggetti interessati. La presente Informativa Privacy, quindi, si riferisce esclusivamente al Sito Web e non riguarda anche altri siti, pagine o servizi online raggiungibili tramite link ipertestuali eventualmente pubblicati al suo interno.<\/p><p><b>Modalit\u00e0 Raccolta E Trattamento Dati Personali<br \/><\/b>Il Titolare raccoglie, riceve e tratta dati personali degli utenti che accedono al sito web per utilizzarne le funzionalit\u00e0, per contatti al fine di richiedere assistenza e\/o di usufruire dei Servizi offerti da Dr. Carlo Grassi Qualora siano forniti dati personali per conto di terzi, il soggetto trasmittente i dati, dovr\u00e0 assicurarsi, preventivamente, che gli interessati abbiano preso visione della presente Privacy Policy.<\/p><p><b>Dati Personali Oggetto Di Trattamento<br \/><\/b>Per consentire la fruizione del sito web e dei suoi servizi il Titolare del trattamento necessita di conoscere e trattare alcuni dati personali. I dati personali oggetto di trattamento sono i seguenti: \u2013 dati di contatto \u2013 nome, cognome, numero di telefono, numero di cellulare, indirizzo e-mail. \u2013 interessi \u2013 informazioni che vengono fornite dal soggetto stesso in merito ai servizi cui \u00e8 interessato. \u2013 dati di navigazione \u2013 informazioni relative alle modalit\u00e0 con cui viene utilizzato il sito, con cui vengono inoltrate le nostre comunicazioni, incluse le informazioni raccolte tramite cookie. Esempi di questa tipologia di dati sono gli indirizzi IP o i nomi a dominio dei computer utilizzati dagli utenti che si collegano al sito, gli indirizzi URI (Uniform Resource Identifier) delle risorse richieste, l\u2019orario della richiesta, il metodo utilizzato nel sottoporre la richiesta al server, la dimensione del file ottenuto in risposta, il codice numerico che indica la risposta data dal server (buon fine, errore, ecc.) ed altre informazioni relative al sistema operativo e all\u2019ambiente informatico dell\u2019utente.<\/p><p><b>Dati Forniti Volontariamente Dagli Utenti<br \/><\/b>L\u2019invio facoltativo, esplicito e volontario di messaggi di posta elettronica, anche tramite form, cos\u00ec come l\u2019invio di eventuale curriculum vitae comportano l\u2019acquisizione del nome e cognome del mittente, dell\u2019indirizzo e-mail, nonch\u00e9 degli eventuali altri dati personali inseriti nel messaggio di posta elettronica, nei moduli o all\u2019interno del Suo curriculum vitae, qualora allegato. In particolare, gli utenti che intendono proporre tramite il Sito Web la propria candidatura e il proprio curriculum vitae, sono invitati sin da ora a prestare la massima attenzione al suo contenuto, non includendo al suo interno per nessuna ragione alcun tipo di dati personali appartenenti a categorie particolari, ovvero dati personali idonei a rivelare l\u2019origine razziale o etnica, le opinioni politiche, le convinzioni religiose o filosofiche, o l\u2019appartenenza sindacale, nonch\u00e9 dati relativi alla salute.<\/p><p><b>Finalit\u00e0 Del Trattamento E Base Giuridica<br \/><\/b>I dati personali di cui il Titolare del trattamento viene in possesso sono esclusivamente quelli forniti in occasione della navigazione sul Sito Web, durante la fruizione dei suoi Servizi o mediante invio di specifiche comunicazione mediante e-mail o form di contatto. Il trattamento di dati personali deve essere legittimato da uno dei presupposti giuridici previsti dalla normativa vigente in materia di protezione dei dati personali, come di seguito descritti. I dati personali sono trattati per le seguenti finalit\u00e0: Instaurazione ed esecuzione dei rapporti contrattuali e obblighi conseguenti, ivi inclusa qualsiasi comunicazione relativa ai servizi Il Titolare pu\u00f2 trattare i dati di contatto ai fini dell\u2019eventuale instaurazione ed esecuzione dei rapporti contrattuali, dell\u2019erogazione dei servizi richiesti e del riscontro a segnalazioni e reclami. La Societ\u00e0 potr\u00e0 inoltre utilizzare dati di contatto, ed in particolare l\u2019e-mail, per fornire informazioni relative al servizio. La base giuridica su cui si fonda il trattamento \u00e8 la necessit\u00e0 di dare esecuzione a un contratto di cui lei \u00e8 parte e la necessit\u00e0 di adempiere ad obblighi di legge.<\/p><p><b>Fruizione Del Sito Web<br \/><\/b>Il Titolare pu\u00f2 trattare i dati di contatto ed i dati di Utilizzo del sito web per: (i) gestire i servizi; (ii) trasmettere richieste di contatto o di informazioni o di assistenza. Questi dati, necessari per la fruizione del Sito Web, vengono trattati anche al fine di ottenere informazioni statistiche sull\u2019uso dei Servizi (pagine pi\u00f9 visitate, numero di visitatori per fascia oraria o giornaliera, aree geografiche di provenienza, ecc.) e per controllare il corretto funzionamento dei Servizi offerti. La base giuridica su cui si fonda il trattamento \u00e8 l\u2019adempimento degli obblighi contrattuali. Inviare il suo curriculum vitae per eventuali collaborazioni lavorative Il conferimento dei suoi dati personali per questa finalit\u00e0 \u00e8 facoltativo. Tuttavia, in mancanza di tale consenso, non sar\u00e0 possibile raccogliere e valutare la sua candidatura spontanea. La base giuridica su cui si fonda il trattamento \u00e8 il suo esplicito consenso al trattamento dei dati personali. Inviare comunicazioni di marketing relative a servizi \/ prodotti analoghi a quelli richiesti Il conferimento dei dati personali, in particolare dell\u2019indirizzo mail o eventualmente telefono, per ricevere informazioni su iniziative promozionali, realizzate mediante modalit\u00e0 automatizzate di contatto) ovvero per ricerche di mercato e indagini statistiche, relative a servizi \/ prodotti analoghi a quelli da Lei richiesti. La base giuridica su cui si fonda il trattamento \u00e8 l\u2019interesse legittimo della Societ\u00e0 di mantenere un efficace rapporto contrattuale. Conformit\u00e0 alle richieste giuridicamente vincolanti per adempiere un obbligo legale, regolamenti o provvedimenti dell\u2019autorit\u00e0 giudiziaria, nonch\u00e9 per difendere un diritto in sede giudiziaria La Societ\u00e0 raccoglie i Suoi Dati di contatto per adempiere un obbligo legale e\/o per difendere un proprio diritto in sede giudiziaria. La base giuridica su cui si fonda il trattamento \u00e8 l\u2019obbligo di legge, cui la Societ\u00e0 \u00e8 obbligata a ottemperare. I dati personali potranno essere trattati sia attraverso strumenti informatici, che supporti cartacei.<\/p><p><b>Conseguenze Della Mancata Comunicazione Dei Dati Personali<br \/><\/b>Il conferimento dei dati \u00e8 facoltativo, ma \u00e8 necessario per l\u2019adempimento degli obblighi contrattuali e normativi nei confronti dell\u2019interessato e per tali finalit\u00e0 non \u00e8 necessario il consenso. La comunicazione errata di dati personali richiesti, per le stesse finalit\u00e0 suddette, oltre a non consentire l\u2019adempimento degli obblighi contrattuali pu\u00f2 avere come conseguenze anche l\u2019impossibilit\u00e0, da parte del titolare, di garantire la congruit\u00e0 del trattamento e la possibile mancata corrispondenza dei risultati del trattamento stesso agli obblighi imposti dalla normativa cui esso \u00e8 indirizzato.<\/p><p><b>Categorie Di Soggetti Destinatari Dei Dati<br \/><\/b>I dati personali potranno essere comunicati anche alle societ\u00e0 incaricate di adempiere gli obblighi contrattuali o normativi o che gestiscono servizi relativi alle finalit\u00e0 sopra indicate; gli estremi di tali societ\u00e0 verranno resi disponibili all\u2019interessato che ne faccia richiesta. I dati personali non saranno diffusi n\u00e9 trasferiti al di fuori dell\u2019Unione Europea. In particolare, per lo svolgimento di gran parte della sua attivit\u00e0, la Societ\u00e0 si rivolge anche a societ\u00e0 esterne, professionisti\/consulenti\/tecnici, con i quali ha stipulato specifici accordi, a titolo esemplificativo, per: l\u2019effettuazione di servizi di elaborazione e trasmissione dati o in generali servizi informatici; l\u2019effettuazione di interventi di installazione, manutenzione e aggiornamento finalizzati ad assicurare l\u2019ottimale funzionamento di attrezzature, impianti e procedure; lo svolgimento di attivit\u00e0 di perizia, di revisione contabile, di certificazione di bilancio, di consulenza professionale e assistenza alla clientela; lo svolgimento di attivit\u00e0 di controllo, revisione e certificazione; lo svolgimento di attivit\u00e0 di archiviazione dei dati e della comunicazione \/ documentazione dei rapporti intercorsi con clientela, fornitori, dipendenti, collaboratori e altri aventi causa; lo svolgimento di attivit\u00e0 di assistenza alla clientela (call center\/help desk, etc); la rilevazione del grado di soddisfazione della clientela; l\u2019organizzazione e la gestione di iniziative promozionali (comprese eventuali operazioni a premio, concorsi, etc.), rivolte a clientela o a potenziale clientela, attivate su richiesta dei medesimi. I dati potranno essere comunicati e\/o ceduti per finalit\u00e0 promozionali, previo Suo consenso per tale finalit\u00e0, a soggetti operanti nel settore del Classified Advertising (siti di annunci online), Marketing Automation, Email Marketing, Social Media e SMS marketing. Possono comunque venire a conoscenza dei suoi dati personali in relazione alle finalit\u00e0 di trattamento precedentemente esposte : i soggetti che possono accedere ai dati in forza di disposizione di legge previste dal diritto dell\u2019Unione Europea o da quello dello Stato membro cui \u00e8 soggetto il Titolare del trattamento; Inoltre, potr\u00e0 venire a conoscenza dei Suoi dati personali anche il nostro personale dipendente, purch\u00e9 sia precedentemente designato come soggetto che agisce sotto l\u2019autorit\u00e0 del Titolare del trattamento a norma dell\u2019art. 29 del Regolamento Europeo o come Amministratore di Sistema. L\u2019eventuale comunicazione dei Suoi dati personali avverr\u00e0 nel pieno rispetto delle disposizioni di legge previste dal Regolamento Europeo e delle misure tecniche e organizzative predisposte dal Titolare del trattamento per garantire un adeguato livello di sicurezza.<\/p><p><b>Come E Per Quanto Tempo Vengono Conservati I Dati Personali<br \/><\/b>Il trattamento dei dati personali raccolti avviene sia con mezzi elettronici che manuali messi a disposizione dei soggetti incaricati dal Titolare ed allo scopo autorizzati e formati. Gli archivi cartacei e, soprattutto, elettronici dove i dati sono archiviati vengono protetti mediante misure di sicurezza adeguate a contrastare i rischi di violazione considerati dal Titolare, misure di sicurezza che il Titolare verifica periodicamente al fine di garantire sempre la riservatezza dei dati raccolti. I dati personali vengono conservati per il tempo necessario al compimento delle attivit\u00e0 legate all\u2019esecuzione dell\u2019incarico ricevuto dal Titolare e per l\u2019adempimento degli obblighi, anche legali, che ne conseguono e fino ai dieci anni successivi alla conclusione del rapporto contrattuale (art. 2946 cc.) o da quando i diritti che da esso dipendono possono essere fatti valere (ai sensi dell\u2019art. 2935 c.c.). Inoltre, il Titolare \u00e8 tenuto a conservare i dati personali dei propri Clienti per l\u2019adempimento degli obblighi (ad es. quelli di natura fiscale e contabile) che rimangono anche dopo la conclusione del contratto (in questo caso, tuttavia, il Titolare \u00e8 legittimato soltanto ad utilizzare i dati che siano strettamente necessari per tali finalit\u00e0 e per il tempo indispensabile al loro perseguimento). I dati di navigazione non persistono per pi\u00f9 di sette giorni e vengono cancellati immediatamente dopo la loro aggregazione, fatta salva l\u2019eventuale necessit\u00e0 di accertamento di reati da parte dell\u2019Autorit\u00e0 giudiziaria. Gli archivi informatici si trovano all\u2019interno dei confini dell\u2019EU e non \u00e8 prevista la loro connessione o interazione con database locati all\u2019estero.<\/p><p><b>Data Breach Policy<br \/><\/b>Nel caso in cui si verifichi una violazione dei dati personali, il Titolare autonomo del trattamento ha costituito un team di crisi e previsto specifiche procedure d\u2019intervento, al fine di risolvere celermente il problema e dare all\u2019utente un\u2019opportuna comunicazione cos\u00ec da consentirgli di adottare idonee precauzioni, volte a ridurre al minimo il potenziale danno derivante dalla violazione stessa. Nella comunicazione della violazione, all\u2019utente saranno specificati: il nome e i dati di contatto presso cui ottenere pi\u00f9 informazioni; le eventuali conseguenze della violazione dei dati personali; le misure adottate o di cui si propone l\u2019adozione da parte del Rappresentante Legale per porre rimedio alla violazione dei dati personali e anche, se del caso, per attenuarne i possibili effetti negativi. ll Titolare proceder\u00e0 a una comunicazione pubblica, o misura simile, e non sar\u00e0 obbligata a informare l\u2019utente qualora vengano messe in atto misure tecniche ed organizzative adeguate di protezione sui dati oggetto della violazione, quando vengano successivamente adottate misure atte a scongiurare nuovi rischi elevati per i diritti dell\u2019utente, quando la comunicazione richiederebbe sforzi sproporzionati. In ogni caso valuter\u00e0 l\u2019opportunit\u00e0, anche se non strettamente obbligatoria, di tenere aggiornato l\u2019utente. Il Titolare del trattamento proceder\u00e0 inoltre a comunicare, entro 72 ore e laddove necessario, la violazione al Garante della Privacy. Per tale ragione, qualora sia venuto a conoscenza della violazione un Responsabile del trattamento o un sub Responsabile, essi sono tenuti a comunicare la violazione, rispettivamente entro 24 e 12 ore dalla scoperta del fatto. Le eventuali violazioni dei dati personali possono essere comunicate scrivendo a info@rinoplasticaoggi.it<\/p><p><b>Diritti Dell\u2019interessato<br \/><\/b>Si informa che, in ogni momento, l\u2019interessato pu\u00f2: chiedere al Titolare l\u2019accesso ai propri dati personali ed alle informazioni relative agli stessi (conoscerne l\u2019origine, quando i dati non sono ottenuti direttamente dall\u2019interessato, ma, ad es., da Enti Pubblici, le finalit\u00e0 e gli scopi del trattamento, i dati dei soggetti a cui essi sono comunicati, il periodo di conservazione dei dati o i criteri utili per determinarlo); la rettifica dei dati inesatti o l\u2019integrazione di quelli incompleti; la cancellazione dei propri dati personali (al verificarsi di una delle condizioni indicate nell\u2019art. 17, paragrafo 1 del GDPR e nel rispetto delle eccezioni previste nel paragrafo 3 dello stesso articolo); la limitazione del trattamento dei propri dati personali (al ricorrere di una delle ipotesi indicate nell\u2019art. 18, paragrafo 1 del GDPR); richiedere ed ottenere dal Titolare \u2013 nelle ipotesi in cui la base giuridica del trattamento sia il contratto o il consenso, e lo stesso sia effettuato con mezzi automatizzati \u2013 i tuoi dati personali in un formato strutturato e leggibile da dispositivo automatico, anche al fine di comunicare tali dati ad un altro titolare del trattamento (c.d. diritto alla portabilit\u00e0 dei dati personali); opporsi in qualsiasi momento al trattamento dei propri dati personali al ricorrere di situazioni particolari che lo riguardano; revocare il consenso in qualsiasi momento, limitatamente alle ipotesi in cui il trattamento sia basato sul consenso dell\u2019interessato per una o pi\u00f9 specifiche finalit\u00e0 e riguardi dati personali comuni (ad esempio data e luogo di nascita o luogo di residenza), oppure particolari categorie di dati (ad esempio dati che rivelano l\u2019origine razziale, le opinioni politiche, le convinzioni religiose, lo stato di salute o la vita sessuale). Il trattamento basato sul consenso ed effettuato antecedentemente alla revoca dello stesso conserva, comunque, la sua liceit\u00e0; proporre reclamo a un\u2019autorit\u00e0 di controllo, fatta salva, in ogni caso, ogni altra azione in sede amministrativa o giudiziale. In caso di richieste avanzate dall\u2019interessato, il Titolare dovr\u00e0 procedere senza ritardo e, comunque, al pi\u00f9 tardi entro un mese dal ricevimento della medesima. Se necessario, tenuto conto della complessit\u00e0 e del numero delle richieste ricevute dal Titolare, il termine potr\u00e0 essere prorogato di due ulteriori mesi. In ogni caso, il Titolare entro un mese dal ricevimento della richiesta dell\u2019interessato, dovr\u00e0 informarlo degli eventuali motivi della proroga.<\/p><p><b>Contatti<\/b><br \/>Per ogni ulteriore informazione e comunque per inviare eventuali richieste, il Titolare mette a disposizione di ogni soggetto interessato l\u2019indirizzo a info@rinoplasticaoggi.it<\/p>\t\t\t\t\t\t\t\t<\/div>\n\t\t\t\t<\/div>\n\t\t\t\t<div class=\"elementor-element elementor-element-e3e3756 elementor-widget elementor-widget-text-editor\" data-id=\"e3e3756\" data-element_type=\"widget\" data-widget_type=\"text-editor.default\">\n\t\t\t\t<div class=\"elementor-widget-container\">\n\t\t\t\t\t\t\t\t\t<script id=\"CookieDeclaration\" src=\"https:\/\/consent.cookiebot.com\/68e20900-c15e-471c-865a-aea3ed393a08\/cd.js\" type=\"text\/javascript\" async><\/script>\t\t\t\t\t\t\t\t<\/div>\n\t\t\t\t<\/div>\n\t\t\t\t\t<\/div>\n\t\t\t\t<\/div>\n\t\t<div class=\"elementor-element elementor-element-764b3de e-con-full e-flex e-con e-parent\" data-id=\"764b3de\" data-element_type=\"container\" data-settings=\"{&quot;background_background&quot;:&quot;classic&quot;}\">\n\t\t\t\t<div class=\"elementor-element elementor-element-27cfcff elementor-widget elementor-widget-image\" data-id=\"27cfcff\" data-element_type=\"widget\" data-widget_type=\"image.default\">\n\t\t\t\t<div class=\"elementor-widget-container\">\n\t\t\t\t\t\t\t\t\t\t\t\t\t\t\t<img fetchpriority=\"high\" decoding=\"async\" width=\"963\" height=\"498\" src=\"https:\/\/consulenza.rinoplasticaoggi.it\/wp-content\/uploads\/2025\/03\/logo-bianco.png\" class=\"attachment-large size-large wp-image-32\" alt=\"\" srcset=\"https:\/\/consulenza.rinoplasticaoggi.it\/wp-content\/uploads\/2025\/03\/logo-bianco.png 963w, https:\/\/consulenza.rinoplasticaoggi.it\/wp-content\/uploads\/2025\/03\/logo-bianco-300x155.png 300w, https:\/\/consulenza.rinoplasticaoggi.it\/wp-content\/uploads\/2025\/03\/logo-bianco-768x397.png 768w\" sizes=\"(max-width: 963px) 100vw, 963px\" \/>\t\t\t\t\t\t\t\t\t\t\t\t\t\t\t<\/div>\n\t\t\t\t<\/div>\n\t\t\t\t<div class=\"elementor-element elementor-element-01c19c5 elementor-widget elementor-widget-heading\" data-id=\"01c19c5\" data-element_type=\"widget\" data-widget_type=\"heading.default\">\n\t\t\t\t<div class=\"elementor-widget-container\">\n\t\t\t\t\t<h2 class=\"elementor-heading-title elementor-size-default\"> Milano - Roma - Pistoia - Firenze - Lucca<\/h2>\t\t\t\t<\/div>\n\t\t\t\t<\/div>\n\t\t\t\t<div class=\"elementor-element elementor-element-c19fe02 elementor-widget elementor-widget-heading\" data-id=\"c19fe02\" data-element_type=\"widget\" data-widget_type=\"heading.default\">\n\t\t\t\t<div class=\"elementor-widget-container\">\n\t\t\t\t\t<h2 class=\"elementor-heading-title elementor-size-default\">Privacy e Cookie Policy<\/h2>\t\t\t\t<\/div>\n\t\t\t\t<\/div>\n\t\t\t\t<\/div>\n\t\t\t\t<\/div>\n\t\t","protected":false},"excerpt":{"rendered":"<p>Privacy e Cookie Policy Titolare Del TrattamentoIl Titolare del trattamento \u00e8 la societ\u00e0 Dr. Carlo Grassi (cod. fisc. \u2013 p.iva DA METTERE), con sede legale in Corso Matteotti, 20 &#8211; Montecatini Terme (Pistoia). L\u2019Informativa \u00e8 volta a fornirti le informazioni necessarie affinch\u00e9 tu possa esprimere un consenso esplicito ed informato ai trattamenti svolti attraverso il, [&hellip;]<\/p>\n","protected":false},"author":1,"featured_media":0,"parent":0,"menu_order":0,"comment_status":"closed","ping_status":"closed","template":"elementor_canvas","meta":{"footnotes":""},"class_list":["post-63","page","type-page","status-publish","hentry"],"_links":{"self":[{"href":"https:\/\/consulenza.rinoplasticaoggi.it\/index.php\/wp-json\/wp\/v2\/pages\/63","targetHints":{"allow":["GET"]}}],"collection":[{"href":"https:\/\/consulenza.rinoplasticaoggi.it\/index.php\/wp-json\/wp\/v2\/pages"}],"about":[{"href":"https:\/\/consulenza.rinoplasticaoggi.it\/index.php\/wp-json\/wp\/v2\/types\/page"}],"author":[{"embeddable":true,"href":"https:\/\/consulenza.rinoplasticaoggi.it\/index.php\/wp-json\/wp\/v2\/users\/1"}],"replies":[{"embeddable":true,"href":"https:\/\/consulenza.rinoplasticaoggi.it\/index.php\/wp-json\/wp\/v2\/comments?post=63"}],"version-history":[{"count":16,"href":"https:\/\/consulenza.rinoplasticaoggi.it\/index.php\/wp-json\/wp\/v2\/pages\/63\/revisions"}],"predecessor-version":[{"id":163,"href":"https:\/\/consulenza.rinoplasticaoggi.it\/index.php\/wp-json\/wp\/v2\/pages\/63\/revisions\/163"}],"wp:attachment":[{"href":"https:\/\/consulenza.rinoplasticaoggi.it\/index.php\/wp-json\/wp\/v2\/media?parent=63"}],"curies":[{"name":"wp","href":"https:\/\/api.w.org\/{rel}","templated":true}]}}